{"id":230351,"date":"2024-05-29T17:11:19","date_gmt":"2024-05-29T15:11:19","guid":{"rendered":"https:\/\/happy-pixel.fr\/?page_id=230351"},"modified":"2026-02-20T15:30:23","modified_gmt":"2026-02-20T14:30:23","slug":"live-streaming","status":"publish","type":"page","link":"https:\/\/happy-pixel.fr\/index.php\/live-streaming\/","title":{"rendered":"Live streaming"},"content":{"rendered":"<p><div class=\"et_d4_element et_pb_section et_pb_section_0 et_animated et_pb_with_background  et_pb_css_mix_blend_mode et_section_regular et_block_section\" >\n\t\t\t\t\n\t\t\t\t\n\t\t\t\t\n\t\t\t\t\n\t\t\t\t\n\t\t\t\t\n\t\t\t\t<div class=\"et_d4_element et_pb_row et_pb_row_0 et_animated  et_pb_css_mix_blend_mode et_block_row\">\n\t\t\t\t<div class=\"et_d4_element et_pb_column_4_4 et_pb_column et_pb_column_0  et_pb_css_mix_blend_mode et-last-child et_block_column\">\n\t\t\t\t\n\t\t\t\t\n\t\t\t\t\n\t\t\t\t\n\t\t\t\t<div class=\"et_pb_module et_d4_element et_pb_text et_pb_text_0 et_animated  et_pb_text_align_left et_pb_bg_layout_light\">\n\t\t\t\t\n\t\t\t\t\n\t\t\t\t\n\t\t\t\t\n\t\t\t\t<div class=\"et_pb_text_inner\"><h1><span style=\"font-family: Barlow; font-weight: normal; color: #ffdd00;\"><strong>LIVE STREAMING<\/strong><\/span><\/h1><\/div>\n\t\t\t<\/div><div class=\"et_pb_module et_d4_element et_pb_divider et_pb_divider_0 et_animated et_pb_space\"><div class=\"et_pb_divider_internal\"><\/div><\/div>\n\t\t\t<\/div>\n\t\t\t\t\n\t\t\t\t\n\t\t\t\t\n\t\t\t\t\n\t\t\t<\/div>\n\t\t\t\t\n\t\t\t\t\n\t\t\t<\/div><div class=\"et_d4_element et_pb_section et_pb_section_1 et_pb_section_video et_pb_preload et_pb_with_background  et_pb_css_mix_blend_mode et_section_regular et_block_section\" >\n\t\t\t\t\n\t\t\t\t\n\t\t\t\t<span class=\"et_pb_section_video_bg  \">\n\t\t\t\t\t\n\t\t\t<video loop=\"loop\" autoplay playsinline muted >\n\t\t\t\t<source type=\"video\/mp4\" src=\"https:\/\/happy-pixel.fr\/wp-content\/uploads\/2024\/05\/bandeau_live_stream.mp4\" \/>\n\t\t\t\t\n\t\t\t<\/video>\n\t\t\t\t<\/span>\n\t\t\t\t\n\t\t\t\t\n\t\t\t\t\n\t\t\t\t<div class=\"et_d4_element et_pb_row et_pb_row_1  et_pb_css_mix_blend_mode et_block_row\">\n\t\t\t\t<div class=\"et_d4_element et_pb_column_1_2 et_pb_column et_pb_column_1  et_pb_css_mix_blend_mode et_block_column et_pb_column_empty\">\n\t\t\t\t\n\t\t\t\t\n\t\t\t\t\n\t\t\t\t\n\t\t\t\t\n\t\t\t<\/div><div class=\"et_d4_element et_pb_column_1_2 et_pb_column et_pb_column_2  et_pb_css_mix_blend_mode et-last-child et_block_column\">\n\t\t\t\t\n\t\t\t\t\n\t\t\t\t\n\t\t\t\t\n\t\t\t\t<div class=\"et_pb_module et_d4_element et_pb_text et_pb_text_1 et_animated  et_pb_text_align_left et_pb_bg_layout_light\">\n\t\t\t\t\n\t\t\t\t\n\t\t\t\t\n\t\t\t\t\n\t\t\t\t<div class=\"et_pb_text_inner\"><h2><span style=\"color: #1d1d1b; font-family: Barlow; font-weight: normal;\"><strong>VOS \u00c9V\u00c8NEMENTS EN DIRECT !<\/strong><\/span><\/h2>\n<p style=\"text-align: justify;\"><span style=\"color: #1d1d1b; font-family: Barlow; font-size: large; font-weight: normal;\">Nous vous accompagnons dans la captation live de vos \u00e9v\u00e9nements sur de multiples plateformes (YouTube, Facebook, Linkedin...).<\/span><\/p>\n<p><span style=\"color: #000000;\"><\/span><\/p><\/div>\n\t\t\t<\/div>\n\t\t\t<\/div>\n\t\t\t\t\n\t\t\t\t\n\t\t\t\t\n\t\t\t\t\n\t\t\t<\/div>\n\t\t\t\t\n\t\t\t\t\n\t\t\t<\/div><div class=\"et_d4_element et_pb_section et_pb_section_2  et_pb_css_mix_blend_mode et_section_regular et_block_section\" >\n\t\t\t\t\n\t\t\t\t\n\t\t\t\t\n\t\t\t\t\n\t\t\t\t\n\t\t\t\t\n\t\t\t\t<div class=\"et_d4_element et_pb_row et_pb_row_2  et_pb_css_mix_blend_mode et_block_row\">\n\t\t\t\t<div class=\"et_d4_element et_pb_column_4_4 et_pb_column et_pb_column_3  et_pb_css_mix_blend_mode et-last-child et_block_column\">\n\t\t\t\t\n\t\t\t\t\n\t\t\t\t\n\t\t\t\t\n\t\t\t\t<div class=\"et_pb_module et_d4_element et_pb_text et_pb_text_2 et_animated  et_pb_text_align_left et_pb_bg_layout_light\">\n\t\t\t\t\n\t\t\t\t\n\t\t\t\t\n\t\t\t\t\n\t\t\t\t<div class=\"et_pb_text_inner\"><h2><strong><span style=\"color: #1d1d1b; font-family: Barlow;\">vos \u00c9vEnements en direct !<\/span><\/strong><\/h2>\n<p style=\"text-align: justify;\"><span style=\"color: #1d1d1b; font-family: Barlow; font-size: large;\">Nous vous accompagnons dans la captation live de vos \u00e9v\u00e9nements et sur de multiples plateformes (YouTube, Facebook, Linkedin...).<\/span><\/p>\n<p><span style=\"color: #000000;\"><\/span><\/p><\/div>\n\t\t\t<\/div>\n\t\t\t<\/div>\n\t\t\t\t\n\t\t\t\t\n\t\t\t\t\n\t\t\t\t\n\t\t\t<\/div>\n\t\t\t\t\n\t\t\t\t\n\t\t\t<\/div><div class=\"et_d4_element et_pb_section et_pb_section_3 et_pb_with_background  et_pb_css_mix_blend_mode et_section_regular et_block_section\" >\n\t\t\t\t\n\t\t\t\t\n\t\t\t\t\n\t\t\t\t\n\t\t\t\t\n\t\t\t\t\n\t\t\t\t<div class=\"et_d4_element et_pb_row et_pb_row_3  et_pb_css_mix_blend_mode et_block_row\">\n\t\t\t\t<div class=\"et_d4_element et_pb_column_1_2 et_pb_column et_pb_column_4  et_pb_css_mix_blend_mode et_block_column et_pb_column_empty\">\n\t\t\t\t\n\t\t\t\t\n\t\t\t\t\n\t\t\t\t\n\t\t\t\t\n\t\t\t<\/div><div class=\"et_d4_element et_pb_column_1_2 et_pb_column et_pb_column_5  et_pb_css_mix_blend_mode et-last-child et_block_column\">\n\t\t\t\t\n\t\t\t\t\n\t\t\t\t\n\t\t\t\t\n\t\t\t\t<div class=\"et_pb_module et_d4_element et_pb_text et_pb_text_3 et_animated  et_pb_text_align_center et_pb_bg_layout_light\">\n\t\t\t\t\n\t\t\t\t\n\t\t\t\t\n\t\t\t\t\n\t\t\t\t<div class=\"et_pb_text_inner\"><h2><span style=\"font-family: Barlow;\"><strong><span style=\"color: #1d1d1b;\">pourquoi diffuser en direct ?<\/span><\/strong><\/span><\/h2><\/div>\n\t\t\t<\/div><div class=\"et_pb_module et_d4_element et_pb_text et_pb_text_4  et_pb_text_align_left et_pb_bg_layout_light\">\n\t\t\t\t\n\t\t\t\t\n\t\t\t\t\n\t\t\t\t\n\t\t\t\t<div class=\"et_pb_text_inner\"><h3 class=\"p1\"><span style=\"font-family: Barlow; font-weight: normal;\"><b>1. Port\u00e9e augment\u00e9e :<\/b><\/span><\/h3>\n<p class=\"p1\" style=\"text-align: justify;\"><span style=\"font-family: Barlow; font-weight: normal;\">Gr\u00e2ce \u00e0 la retransmission en direct, votre \u00e9v\u00e9nement peut \u00eatre suivi par un public qui n'aurait pas pu participer \u00e0 l'\u00e9v\u00e8nement organis\u00e9 par votre entreprise.<br \/><\/span><span style=\"font-family: Barlow; font-weight: normal;\">Oubliez les contraintes de capacit\u00e9 ou de localisation.<\/span><\/p>\n<h3 class=\"p1\"><span style=\"font-family: Barlow; font-weight: normal;\"><b>2. Engagement accru :<\/b><\/span><\/h3>\n<p class=\"p1\" style=\"text-align: justify;\"><span style=\"font-family: Barlow; font-weight: normal;\">Les retransmissions en direct permettent une i<strong>nteraction en temps r\u00e9el<\/strong> avec votre audience via des chats en direct, des sondages et des commentaires instantan\u00e9s. Cela cr\u00e9e un <strong>sentiment de communaut\u00e9<\/strong> et d'immersion, augmentant l'engagement et l'impact de votre \u00e9v\u00e9nement.<\/span><\/p>\n<h3 class=\"p1\"><span style=\"font-family: Barlow; font-weight: normal;\"><b>3. Co\u00fbts r\u00e9duits :<\/b><\/span><\/h3>\n<p class=\"p1\" style=\"text-align: justify;\"><span style=\"font-family: Barlow; font-weight: normal;\">La retransmission en direct permet \u00e0 l'entreprise et aux spectateurs <strong>d'\u00e9conomiser<\/strong> sur frais de d\u00e9placement et d'h\u00e9bergement. De plus, vos vid\u00e9os peuvent \u00eatre enregistr\u00e9es et rediffus\u00e9es, offrant une <strong>seconde vie \u00e0 vos \u00e9v\u00e9nements.<\/strong><\/span><\/p>\n<h3 class=\"p1\"><span style=\"font-family: Barlow; font-weight: normal;\"><b>4. Qualit\u00e9 professionnelle :<\/b><\/span><\/h3>\n<p class=\"p1\" style=\"text-align: justify;\"><span style=\"font-family: Barlow; font-weight: normal;\">Nous utilisons des \u00e9quipements de pointe pour garantir une qualit\u00e9 audiovisuelle la plus \u00e9lev\u00e9e possible.<br \/>Que ce soit en termes d\u2019image ou de son, nous nous engageons \u00e0 fournir une exp\u00e9rience de visionnage fluide et de haute qualit\u00e9.<\/span><\/p><\/div>\n\t\t\t<\/div>\n\t\t\t<\/div>\n\t\t\t\t\n\t\t\t\t\n\t\t\t\t\n\t\t\t\t\n\t\t\t<\/div>\n\t\t\t\t\n\t\t\t\t\n\t\t\t<\/div><div class=\"et_d4_element et_pb_section et_pb_section_4 et_animated et_pb_with_background  et_pb_css_mix_blend_mode et_section_regular et_block_section\" >\n\t\t\t\t\n\t\t\t\t\n\t\t\t\t\n\t\t\t\t\n\t\t\t\t\n\t\t\t\t\n\t\t\t\t<div class=\"et_d4_element et_pb_row et_pb_row_4 et_animated  et_pb_css_mix_blend_mode et_block_row\">\n\t\t\t\t<div class=\"et_d4_element et_pb_column_4_4 et_pb_column et_pb_column_6  et_pb_css_mix_blend_mode et-last-child et_block_column\">\n\t\t\t\t\n\t\t\t\t\n\t\t\t\t\n\t\t\t\t\n\t\t\t\t<div class=\"et_pb_module et_d4_element et_pb_text et_pb_text_5 et_animated  et_pb_text_align_center et_pb_bg_layout_light\">\n\t\t\t\t\n\t\t\t\t\n\t\t\t\t\n\t\t\t\t\n\t\t\t\t<div class=\"et_pb_text_inner\"><h2><span style=\"color: #ffdd00; font-family: Barlow; font-weight: normal;\"><strong>ENVIE D'EN SAVOIR PLUS ?<\/strong><\/span><br \/><span style=\"font-family: Barlow; font-weight: normal;\"><strong><span style=\"color: #ffffff;\"> DES QUESTIONS ?<\/span><\/strong><\/span><\/h2><\/div>\n\t\t\t<\/div><div class=\"et_pb_module et_d4_element et_pb_text et_pb_text_6 et_animated  et_pb_text_align_center et_pb_bg_layout_light\">\n\t\t\t\t\n\t\t\t\t\n\t\t\t\t\n\t\t\t\t\n\t\t\t\t<div class=\"et_pb_text_inner\"><p><span style=\"color: #ffffff;\">Remplissez le formulaire de contact et nous vous r\u00e9pondrons dans les 24 heures<\/span><\/p><\/div>\n\t\t\t<\/div>\n\t\t\t<\/div>\n\t\t\t\t\n\t\t\t\t\n\t\t\t\t\n\t\t\t\t\n\t\t\t<\/div><div class=\"et_d4_element et_pb_row et_pb_row_5 et_animated  et_pb_css_mix_blend_mode et_block_row\">\n\t\t\t\t<div class=\"et_d4_element et_pb_column_4_4 et_pb_column et_pb_column_7  et_pb_css_mix_blend_mode et-last-child et_block_column\">\n\t\t\t\t\n\t\t\t\t\n\t\t\t\t\n\t\t\t\t\n\t\t\t\t\n\t\t\t<div id=\"et_pb_contact_form_0\" class=\"et_pb_module et_d4_element et_pb_contact_form_0 et_animated et_pb_contact_form_container clearfix et_block_module\" data-form_unique_num=\"0\" data-form_unique_id=\"\">\n\t\t\t\t\n\t\t\t\t\n\t\t\t\t\n\t\t\t\t\n\t\t\t\t\n\t\t\t\t<div class=\"et-pb-contact-message\"><\/div>\n\t\t\t\t\n\t\t\t\t<div class=\"et_pb_contact\">\n\t\t\t\t\t<form class=\"et_pb_contact_form clearfix\" method=\"post\" action=\"https:\/\/happy-pixel.fr\/index.php\/wp-json\/wp\/v2\/pages\/230351\">\n\t\t\t\t\t\t<p class=\"et_d4_element et_pb_contact_field et_pb_contact_field_0 et_pb_contact_field_last\" data-id=\"nom\" data-type=\"input\">\n\t\t\t\t\n\t\t\t\t\n\t\t\t\t\n\t\t\t\t\n\t\t\t\t<label for=\"et_pb_contact_nom_0\" class=\"et_pb_contact_form_label\">Votre nom<\/label>\n\t\t\t\t<input type=\"text\" id=\"et_pb_contact_nom_0\" class=\"input\" value=\"\" name=\"et_pb_contact_nom_0\" data-required_mark=\"required\" data-field_type=\"input\" data-original_id=\"nom\" placeholder=\"Votre nom\">\n\t\t\t<\/p><p class=\"et_d4_element et_pb_contact_field et_pb_contact_field_1 et_pb_contact_field_last\" data-id=\"email\" data-type=\"email\">\n\t\t\t\t\n\t\t\t\t\n\t\t\t\t\n\t\t\t\t\n\t\t\t\t<label for=\"et_pb_contact_email_0\" class=\"et_pb_contact_form_label\">Votre email<\/label>\n\t\t\t\t<input type=\"text\" id=\"et_pb_contact_email_0\" class=\"input\" value=\"\" name=\"et_pb_contact_email_0\" data-required_mark=\"required\" data-field_type=\"email\" data-original_id=\"email\" placeholder=\"Votre email\">\n\t\t\t<\/p><p class=\"et_d4_element et_pb_contact_field et_pb_contact_field_2 et_pb_contact_field_last\" data-id=\"tel\" data-type=\"input\">\n\t\t\t\t\n\t\t\t\t\n\t\t\t\t\n\t\t\t\t\n\t\t\t\t<label for=\"et_pb_contact_tel_0\" class=\"et_pb_contact_form_label\">Votre t\u00e9l\u00e9phone<\/label>\n\t\t\t\t<input type=\"text\" id=\"et_pb_contact_tel_0\" class=\"input\" value=\"\" name=\"et_pb_contact_tel_0\" data-required_mark=\"not_required\" data-field_type=\"input\" data-original_id=\"tel\" placeholder=\"Votre t\u00e9l\u00e9phone\">\n\t\t\t<\/p><p class=\"et_d4_element et_pb_contact_field et_pb_contact_field_3 et_pb_contact_field_last\" data-id=\"company\" data-type=\"input\">\n\t\t\t\t\n\t\t\t\t\n\t\t\t\t\n\t\t\t\t\n\t\t\t\t<label for=\"et_pb_contact_company_0\" class=\"et_pb_contact_form_label\">Le nom de votre entreprise<\/label>\n\t\t\t\t<input type=\"text\" id=\"et_pb_contact_company_0\" class=\"input\" value=\"\" name=\"et_pb_contact_company_0\" data-required_mark=\"required\" data-field_type=\"input\" data-original_id=\"company\" placeholder=\"Le nom de votre entreprise\">\n\t\t\t<\/p><p class=\"et_d4_element et_pb_contact_field et_pb_contact_field_4 et_pb_contact_field_last\" data-id=\"message\" data-type=\"text\">\n\t\t\t\t\n\t\t\t\t\n\t\t\t\t\n\t\t\t\t\n\t\t\t\t<label for=\"et_pb_contact_message_0\" class=\"et_pb_contact_form_label\">Le plus important \ud83d\ude42 Votre message<\/label>\n\t\t\t\t<textarea name=\"et_pb_contact_message_0\" id=\"et_pb_contact_message_0\" class=\"et_pb_contact_message input\" data-required_mark=\"required\" data-field_type=\"text\" data-original_id=\"message\" placeholder=\"Le plus important :) Votre message\"><\/textarea>\n\t\t\t<\/p>\n\t\t\t\t\t\t<input type=\"hidden\" value=\"et_contact_proccess\" name=\"et_pb_contactform_submit_0\"\/>\n\t\t\t\t\t\t<div class=\"et_contact_bottom_container\">\n\t\t\t\t\t\t\t\n\t\t\t\t\t\t\t<button type=\"submit\" name=\"et_builder_submit_button\" class=\"et_pb_contact_submit et_pb_button\" data-icon=\"E\">C&#039;est parti !<\/button>\n\t\t\t\t\t\t<\/div>\n\t\t\t\t\t\t<input type=\"hidden\" id=\"_wpnonce-et-pb-contact-form-submitted-0\" name=\"_wpnonce-et-pb-contact-form-submitted-0\" value=\"96d6965601\" \/><input type=\"hidden\" name=\"_wp_http_referer\" value=\"\/index.php\/wp-json\/wp\/v2\/pages\/230351\" \/>\n\t\t\t\t\t<\/form>\n\t\t\t\t<\/div>\n\t\t\t<\/div>\n\t\t\t\n\t\t\t<\/div>\n\t\t\t\t\n\t\t\t\t\n\t\t\t\t\n\t\t\t\t\n\t\t\t<\/div>\n\t\t\t\t\n\t\t\t\t\n\t\t\t<\/div><\/p>\n","protected":false},"excerpt":{"rendered":"","protected":false},"author":2,"featured_media":0,"parent":0,"menu_order":0,"comment_status":"closed","ping_status":"closed","template":"","meta":{"_monsterinsights_skip_tracking":false,"_monsterinsights_sitenote_active":false,"_monsterinsights_sitenote_note":"","_monsterinsights_sitenote_category":0,"_et_pb_use_builder":"on","_et_pb_old_content":"","_et_gb_content_width":"","footnotes":""},"class_list":["post-230351","page","type-page","status-publish","hentry"],"yoast_head":"<!-- This site is optimized with the Yoast SEO plugin v27.4 - https:\/\/yoast.com\/product\/yoast-seo-wordpress\/ -->\n<title>Live streaming - Happy Pixel<\/title>\n<meta name=\"description\" content=\"Prestation de retransmission en direct, captation live streaming pour votre \u00e9v\u00e9nement professionnel, une conf\u00e9rence, un s\u00e9minaire...\" \/>\n<meta name=\"robots\" content=\"index, follow, max-snippet:-1, max-image-preview:large, max-video-preview:-1\" \/>\n<link rel=\"canonical\" href=\"https:\/\/happy-pixel.fr\/index.php\/live-streaming\/\" \/>\n<meta property=\"og:locale\" content=\"fr_FR\" \/>\n<meta property=\"og:type\" content=\"article\" \/>\n<meta property=\"og:title\" content=\"Live streaming - Happy Pixel\" \/>\n<meta property=\"og:description\" content=\"Prestation de retransmission en direct, captation live streaming pour votre \u00e9v\u00e9nement professionnel, une conf\u00e9rence, un s\u00e9minaire...\" \/>\n<meta property=\"og:url\" content=\"https:\/\/happy-pixel.fr\/index.php\/live-streaming\/\" \/>\n<meta property=\"og:site_name\" content=\"Happy Pixel\" \/>\n<meta property=\"article:publisher\" content=\"https:\/\/www.facebook.com\/happypixelfr\/\" \/>\n<meta property=\"article:modified_time\" content=\"2026-02-20T14:30:23+00:00\" \/>\n<meta name=\"twitter:card\" content=\"summary_large_image\" \/>\n<meta name=\"twitter:label1\" content=\"Dur\u00e9e de lecture estim\u00e9e\" \/>\n\t<meta name=\"twitter:data1\" content=\"3 minutes\" \/>\n<script type=\"application\/ld+json\" class=\"yoast-schema-graph\">{\"@context\":\"https:\\\/\\\/schema.org\",\"@graph\":[{\"@type\":\"WebPage\",\"@id\":\"https:\\\/\\\/happy-pixel.fr\\\/index.php\\\/live-streaming\\\/\",\"url\":\"https:\\\/\\\/happy-pixel.fr\\\/index.php\\\/live-streaming\\\/\",\"name\":\"Live streaming - Happy Pixel\",\"isPartOf\":{\"@id\":\"https:\\\/\\\/happy-pixel.fr\\\/#website\"},\"datePublished\":\"2024-05-29T15:11:19+00:00\",\"dateModified\":\"2026-02-20T14:30:23+00:00\",\"description\":\"Prestation de retransmission en direct, captation live streaming pour votre \u00e9v\u00e9nement professionnel, une conf\u00e9rence, un s\u00e9minaire...\",\"breadcrumb\":{\"@id\":\"https:\\\/\\\/happy-pixel.fr\\\/index.php\\\/live-streaming\\\/#breadcrumb\"},\"inLanguage\":\"fr-FR\",\"potentialAction\":[{\"@type\":\"ReadAction\",\"target\":[\"https:\\\/\\\/happy-pixel.fr\\\/index.php\\\/live-streaming\\\/\"]}]},{\"@type\":\"BreadcrumbList\",\"@id\":\"https:\\\/\\\/happy-pixel.fr\\\/index.php\\\/live-streaming\\\/#breadcrumb\",\"itemListElement\":[{\"@type\":\"ListItem\",\"position\":1,\"name\":\"Accueil\",\"item\":\"https:\\\/\\\/happy-pixel.fr\\\/\"},{\"@type\":\"ListItem\",\"position\":2,\"name\":\"Live streaming\"}]},{\"@type\":\"WebSite\",\"@id\":\"https:\\\/\\\/happy-pixel.fr\\\/#website\",\"url\":\"https:\\\/\\\/happy-pixel.fr\\\/\",\"name\":\"Happy Pixel\",\"description\":\"Happy Pixel Vid\u00e9o 360 Drone Photo\",\"publisher\":{\"@id\":\"https:\\\/\\\/happy-pixel.fr\\\/#organization\"},\"potentialAction\":[{\"@type\":\"SearchAction\",\"target\":{\"@type\":\"EntryPoint\",\"urlTemplate\":\"https:\\\/\\\/happy-pixel.fr\\\/?s={search_term_string}\"},\"query-input\":{\"@type\":\"PropertyValueSpecification\",\"valueRequired\":true,\"valueName\":\"search_term_string\"}}],\"inLanguage\":\"fr-FR\"},{\"@type\":\"Organization\",\"@id\":\"https:\\\/\\\/happy-pixel.fr\\\/#organization\",\"name\":\"Happy Pixel\",\"url\":\"https:\\\/\\\/happy-pixel.fr\\\/\",\"logo\":{\"@type\":\"ImageObject\",\"inLanguage\":\"fr-FR\",\"@id\":\"https:\\\/\\\/happy-pixel.fr\\\/#\\\/schema\\\/logo\\\/image\\\/\",\"url\":\"https:\\\/\\\/happy-pixel.fr\\\/wp-content\\\/uploads\\\/2019\\\/04\\\/logo_happy_pixel.png\",\"contentUrl\":\"https:\\\/\\\/happy-pixel.fr\\\/wp-content\\\/uploads\\\/2019\\\/04\\\/logo_happy_pixel.png\",\"width\":885,\"height\":702,\"caption\":\"Happy Pixel\"},\"image\":{\"@id\":\"https:\\\/\\\/happy-pixel.fr\\\/#\\\/schema\\\/logo\\\/image\\\/\"},\"sameAs\":[\"https:\\\/\\\/www.facebook.com\\\/happypixelfr\\\/\",\"https:\\\/\\\/www.instagram.com\\\/happypixelfr\\\/\"]}]}<\/script>\n<!-- \/ Yoast SEO plugin. -->","yoast_head_json":{"title":"Live streaming - Happy Pixel","description":"Prestation de retransmission en direct, captation live streaming pour votre \u00e9v\u00e9nement professionnel, une conf\u00e9rence, un s\u00e9minaire...","robots":{"index":"index","follow":"follow","max-snippet":"max-snippet:-1","max-image-preview":"max-image-preview:large","max-video-preview":"max-video-preview:-1"},"canonical":"https:\/\/happy-pixel.fr\/index.php\/live-streaming\/","og_locale":"fr_FR","og_type":"article","og_title":"Live streaming - Happy Pixel","og_description":"Prestation de retransmission en direct, captation live streaming pour votre \u00e9v\u00e9nement professionnel, une conf\u00e9rence, un s\u00e9minaire...","og_url":"https:\/\/happy-pixel.fr\/index.php\/live-streaming\/","og_site_name":"Happy Pixel","article_publisher":"https:\/\/www.facebook.com\/happypixelfr\/","article_modified_time":"2026-02-20T14:30:23+00:00","twitter_card":"summary_large_image","twitter_misc":{"Dur\u00e9e de lecture estim\u00e9e":"3 minutes"},"schema":{"@context":"https:\/\/schema.org","@graph":[{"@type":"WebPage","@id":"https:\/\/happy-pixel.fr\/index.php\/live-streaming\/","url":"https:\/\/happy-pixel.fr\/index.php\/live-streaming\/","name":"Live streaming - Happy Pixel","isPartOf":{"@id":"https:\/\/happy-pixel.fr\/#website"},"datePublished":"2024-05-29T15:11:19+00:00","dateModified":"2026-02-20T14:30:23+00:00","description":"Prestation de retransmission en direct, captation live streaming pour votre \u00e9v\u00e9nement professionnel, une conf\u00e9rence, un s\u00e9minaire...","breadcrumb":{"@id":"https:\/\/happy-pixel.fr\/index.php\/live-streaming\/#breadcrumb"},"inLanguage":"fr-FR","potentialAction":[{"@type":"ReadAction","target":["https:\/\/happy-pixel.fr\/index.php\/live-streaming\/"]}]},{"@type":"BreadcrumbList","@id":"https:\/\/happy-pixel.fr\/index.php\/live-streaming\/#breadcrumb","itemListElement":[{"@type":"ListItem","position":1,"name":"Accueil","item":"https:\/\/happy-pixel.fr\/"},{"@type":"ListItem","position":2,"name":"Live streaming"}]},{"@type":"WebSite","@id":"https:\/\/happy-pixel.fr\/#website","url":"https:\/\/happy-pixel.fr\/","name":"Happy Pixel","description":"Happy Pixel Vid\u00e9o 360 Drone Photo","publisher":{"@id":"https:\/\/happy-pixel.fr\/#organization"},"potentialAction":[{"@type":"SearchAction","target":{"@type":"EntryPoint","urlTemplate":"https:\/\/happy-pixel.fr\/?s={search_term_string}"},"query-input":{"@type":"PropertyValueSpecification","valueRequired":true,"valueName":"search_term_string"}}],"inLanguage":"fr-FR"},{"@type":"Organization","@id":"https:\/\/happy-pixel.fr\/#organization","name":"Happy Pixel","url":"https:\/\/happy-pixel.fr\/","logo":{"@type":"ImageObject","inLanguage":"fr-FR","@id":"https:\/\/happy-pixel.fr\/#\/schema\/logo\/image\/","url":"https:\/\/happy-pixel.fr\/wp-content\/uploads\/2019\/04\/logo_happy_pixel.png","contentUrl":"https:\/\/happy-pixel.fr\/wp-content\/uploads\/2019\/04\/logo_happy_pixel.png","width":885,"height":702,"caption":"Happy Pixel"},"image":{"@id":"https:\/\/happy-pixel.fr\/#\/schema\/logo\/image\/"},"sameAs":["https:\/\/www.facebook.com\/happypixelfr\/","https:\/\/www.instagram.com\/happypixelfr\/"]}]}},"_links":{"self":[{"href":"https:\/\/happy-pixel.fr\/index.php\/wp-json\/wp\/v2\/pages\/230351","targetHints":{"allow":["GET"]}}],"collection":[{"href":"https:\/\/happy-pixel.fr\/index.php\/wp-json\/wp\/v2\/pages"}],"about":[{"href":"https:\/\/happy-pixel.fr\/index.php\/wp-json\/wp\/v2\/types\/page"}],"author":[{"embeddable":true,"href":"https:\/\/happy-pixel.fr\/index.php\/wp-json\/wp\/v2\/users\/2"}],"replies":[{"embeddable":true,"href":"https:\/\/happy-pixel.fr\/index.php\/wp-json\/wp\/v2\/comments?post=230351"}],"version-history":[{"count":13,"href":"https:\/\/happy-pixel.fr\/index.php\/wp-json\/wp\/v2\/pages\/230351\/revisions"}],"predecessor-version":[{"id":230532,"href":"https:\/\/happy-pixel.fr\/index.php\/wp-json\/wp\/v2\/pages\/230351\/revisions\/230532"}],"wp:attachment":[{"href":"https:\/\/happy-pixel.fr\/index.php\/wp-json\/wp\/v2\/media?parent=230351"}],"curies":[{"name":"wp","href":"https:\/\/api.w.org\/{rel}","templated":true}]}}